{"id":113,"date":"2016-02-09T10:24:52","date_gmt":"2016-02-09T10:24:52","guid":{"rendered":"http:\/\/www.consultoriacensea.com.br\/?page_id=113"},"modified":"2016-02-09T10:38:55","modified_gmt":"2016-02-09T10:38:55","slug":"sobre","status":"publish","type":"page","link":"https:\/\/www.consultoriacensea.com\/?page_id=113","title":{"rendered":"Servi\u00e7os"},"content":{"rendered":"<p><strong>\u00a0<\/strong><\/p>\n<h2>Servi\u00e7os<\/h2>\n<p>A <strong>Censea Consultoria<\/strong> \u00e9 uma empresa, com sede em Salvador-Bahia, e que j\u00e1 trabalha a algum tempo, tanto no ramo cont\u00e1bil quanto de auditoria. Seguem algumas descri\u00e7\u00f5es dos servi\u00e7os realizados por essa empresa:<\/p>\n<p><strong>\u00c1rea Cont\u00e1bil<\/strong><\/p>\n<ul>\n<li>Escritura\u00e7\u00e3o dos livros cont\u00e1beis e societ\u00e1rios;<\/li>\n<li>Balancetes e Balan\u00e7os Patrimoniais;<\/li>\n<li>Demonstra\u00e7\u00f5es de Resultados;<\/li>\n<li>Demais demonstra\u00e7\u00f5es cont\u00e1beis exigidas pela legisla\u00e7\u00e3o brasileira ;<\/li>\n<li>Elabora\u00e7\u00e3o de demonstra\u00e7\u00f5es acess\u00f3rias, Cont\u00e1beis.<\/li>\n<\/ul>\n<p><strong>\u00c1rea Tribut\u00e1ria<\/strong><\/p>\n<ul>\n<li>Escritura\u00e7\u00e3o dos livros fiscais;<\/li>\n<li>Estoques (f\u00edsico e financeiro) ;<\/li>\n<li>Apura\u00e7\u00e3o de lucro Real ;<\/li>\n<li>Elabora\u00e7\u00e3o de demonstra\u00e7\u00f5es Fiscais, Trabalhistas e Econ\u00f4micas.<\/li>\n<li>Prepara\u00e7\u00e3o dos Impostos Federais, Estaduais e Municipais.<\/li>\n<\/ul>\n<p><strong>Legaliza\u00e7\u00e3o de Empresas<\/strong><\/p>\n<ul>\n<li>Constitui\u00e7\u00e3o e Baixa;<\/li>\n<li>Levantamento de D\u00e9bitos Fiscais;<\/li>\n<li>Regulariza\u00e7\u00e3o de Empresas Inativas;<\/li>\n<\/ul>\n<p><strong>Certid\u00f5es Negativas<\/strong><\/p>\n<ul>\n<li>Receita Federal;<\/li>\n<li>Receita Estadual;<\/li>\n<li>Municipal;<\/li>\n<li>Procuradoria Geral da Fazenda Nacional (D\u00edvida Ativa da Uni\u00e3o);<\/li>\n<li>Cart\u00f3rio;<\/li>\n<li>Fal\u00eancia e Concordata;<\/li>\n<li>INSS;<\/li>\n<li>FGTS;<\/li>\n<\/ul>\n<p><strong>\u00c1rea Trabalhista<\/strong><\/p>\n<ul>\n<li>Folhas de Pagamento e Encargos Sociais;<\/li>\n<li>Registro de livro de empregados;<\/li>\n<li>C\u00e1lculo da Folha de Pagamento;<\/li>\n<li>Rescis\u00e3o do Contrato de Trabalho;<\/li>\n<li>C\u00e1lculo de Horas Extras;<\/li>\n<\/ul>\n","protected":false},"excerpt":{"rendered":"<p>\u00a0 Servi\u00e7os A Censea Consultoria \u00e9 uma empresa, com sede em Salvador-Bahia, e que j\u00e1 trabalha a algum tempo, tanto no ramo cont\u00e1bil quanto de auditoria. Seguem algumas descri\u00e7\u00f5es dos servi\u00e7os realizados por essa empresa: \u00c1rea Cont\u00e1bil Escritura\u00e7\u00e3o dos livros cont\u00e1beis e societ\u00e1rios; Balancetes e Balan\u00e7os Patrimoniais; Demonstra\u00e7\u00f5es de Resultados; Demais demonstra\u00e7\u00f5es cont\u00e1beis exigidas pela&hellip;<\/p>\n","protected":false},"author":1,"featured_media":0,"parent":0,"menu_order":0,"comment_status":"closed","ping_status":"closed","template":"fullwidth.php","meta":{"footnotes":""},"class_list":["post-113","page","type-page","status-publish","hentry"],"_links":{"self":[{"href":"https:\/\/www.consultoriacensea.com\/index.php?rest_route=\/wp\/v2\/pages\/113","targetHints":{"allow":["GET"]}}],"collection":[{"href":"https:\/\/www.consultoriacensea.com\/index.php?rest_route=\/wp\/v2\/pages"}],"about":[{"href":"https:\/\/www.consultoriacensea.com\/index.php?rest_route=\/wp\/v2\/types\/page"}],"author":[{"embeddable":true,"href":"https:\/\/www.consultoriacensea.com\/index.php?rest_route=\/wp\/v2\/users\/1"}],"replies":[{"embeddable":true,"href":"https:\/\/www.consultoriacensea.com\/index.php?rest_route=%2Fwp%2Fv2%2Fcomments&post=113"}],"version-history":[{"count":3,"href":"https:\/\/www.consultoriacensea.com\/index.php?rest_route=\/wp\/v2\/pages\/113\/revisions"}],"predecessor-version":[{"id":118,"href":"https:\/\/www.consultoriacensea.com\/index.php?rest_route=\/wp\/v2\/pages\/113\/revisions\/118"}],"wp:attachment":[{"href":"https:\/\/www.consultoriacensea.com\/index.php?rest_route=%2Fwp%2Fv2%2Fmedia&parent=113"}],"curies":[{"name":"wp","href":"https:\/\/api.w.org\/{rel}","templated":true}]}}