{"id":50,"date":"2015-11-14T16:58:35","date_gmt":"2015-11-14T16:58:35","guid":{"rendered":"https:\/\/www.consultoriacensea.com\/?page_id=50"},"modified":"2024-09-30T22:24:42","modified_gmt":"2024-09-30T22:24:42","slug":"sobre-a-censea","status":"publish","type":"page","link":"https:\/\/www.consultoriacensea.com\/?page_id=50","title":{"rendered":"Sobre a CENSEA"},"content":{"rendered":"<p>A <strong>CENSEA<\/strong> foi fundada em 2018 com o objetivo de oferecer servi\u00e7os cont\u00e1beis de excel\u00eancia e proporcionar aos nossos clientes solu\u00e7\u00f5es financeiras personalizadas e estrat\u00e9gicas. Desde o in\u00edcio, nossa miss\u00e3o tem sido auxiliar empresas a navegarem pelos desafios cont\u00e1beis e fiscais, permitindo que se concentrem no crescimento e no sucesso de seus neg\u00f3cios.<\/p>\n<p><strong>MISS\u00c3O-<\/strong> Oferecer servi\u00e7os de contabilidade personalizados e eficientes, garantindo a sa\u00fade financeira e a conformidade legal de empresas do setor de sa\u00fade e condom\u00ednios. Nosso compromisso \u00e9 entregar solu\u00e7\u00f5es que simplifiquem a gest\u00e3o cont\u00e1bil, permitindo que nossos clientes foquem no que realmente importa: o bem-estar e a qualidade de vida.<\/p>\n<p><strong>VIS\u00c3O-<\/strong> Ser reconhecida como a empresa de contabilidade refer\u00eancia no Brasil para o setor de sa\u00fade e condom\u00ednios, destacando-se pela excel\u00eancia no atendimento, inova\u00e7\u00e3o tecnol\u00f3gica e compromisso com a sustentabilidade financeira de nossos clientes.<\/p>\n<p><strong>VALORES- <\/strong>1. Excel\u00eancia no Atendimento: Priorizar a satisfa\u00e7\u00e3o dos clientes, oferecendo suporte \u00e1gil e solu\u00e7\u00f5es sob medida.<br \/>\n2. Transpar\u00eancia: Manter uma comunica\u00e7\u00e3o clara e objetiva, garantindo a confian\u00e7a e a seguran\u00e7a nas informa\u00e7\u00f5es cont\u00e1beis.<br \/>\n3. Inova\u00e7\u00e3o: Utilizar tecnologias avan\u00e7adas para otimizar processos e oferecer servi\u00e7os modernos e eficazes.<br \/>\n4. \u00c9tica e Integridade: Agir com honestidade e responsabilidade, cumprindo rigorosamente as normas e regulamentos cont\u00e1beis.<br \/>\n5. Compromisso com Resultados: Focar na entrega de resultados que contribuam para o crescimento sustent\u00e1vel dos clientes.<br \/>\n6. Sustentabilidade: Promover pr\u00e1ticas cont\u00e1beis que considerem o impacto social e ambiental, contribuindo para um futuro mais sustent\u00e1vel<\/p>\n","protected":false},"excerpt":{"rendered":"<p>A CENSEA foi fundada em 2018 com o objetivo de oferecer servi\u00e7os cont\u00e1beis de excel\u00eancia e proporcionar aos nossos clientes solu\u00e7\u00f5es financeiras personalizadas e estrat\u00e9gicas. Desde o in\u00edcio, nossa miss\u00e3o tem sido auxiliar empresas a navegarem pelos desafios cont\u00e1beis e fiscais, permitindo que se concentrem no crescimento e no sucesso de seus neg\u00f3cios. MISS\u00c3O- Oferecer&hellip;<\/p>\n","protected":false},"author":1,"featured_media":0,"parent":0,"menu_order":0,"comment_status":"closed","ping_status":"closed","template":"fullwidth.php","meta":{"footnotes":""},"class_list":["post-50","page","type-page","status-publish","hentry"],"_links":{"self":[{"href":"https:\/\/www.consultoriacensea.com\/index.php?rest_route=\/wp\/v2\/pages\/50","targetHints":{"allow":["GET"]}}],"collection":[{"href":"https:\/\/www.consultoriacensea.com\/index.php?rest_route=\/wp\/v2\/pages"}],"about":[{"href":"https:\/\/www.consultoriacensea.com\/index.php?rest_route=\/wp\/v2\/types\/page"}],"author":[{"embeddable":true,"href":"https:\/\/www.consultoriacensea.com\/index.php?rest_route=\/wp\/v2\/users\/1"}],"replies":[{"embeddable":true,"href":"https:\/\/www.consultoriacensea.com\/index.php?rest_route=%2Fwp%2Fv2%2Fcomments&post=50"}],"version-history":[{"count":4,"href":"https:\/\/www.consultoriacensea.com\/index.php?rest_route=\/wp\/v2\/pages\/50\/revisions"}],"predecessor-version":[{"id":232,"href":"https:\/\/www.consultoriacensea.com\/index.php?rest_route=\/wp\/v2\/pages\/50\/revisions\/232"}],"wp:attachment":[{"href":"https:\/\/www.consultoriacensea.com\/index.php?rest_route=%2Fwp%2Fv2%2Fmedia&parent=50"}],"curies":[{"name":"wp","href":"https:\/\/api.w.org\/{rel}","templated":true}]}}